{"id":198,"date":"2018-10-08T06:30:24","date_gmt":"2018-10-08T06:30:24","guid":{"rendered":"https:\/\/jthemes.net\/themes\/wp\/genemy\/creative\/?page_id=198"},"modified":"2024-08-09T08:31:01","modified_gmt":"2024-08-09T08:31:01","slug":"design-studio","status":"publish","type":"page","link":"https:\/\/kancelaria-checinska.pl\/","title":{"rendered":"04- Design Studio"},"content":{"rendered":"<div class=\"wpb-content-wrapper\"><p>[vc_section][vc_row][vc_column][genemy_text_box digit=&#8221;Prawnik&#8221; title=&#8221;Kamila Ch\u0119ci\u0144ska&#8221; subtitle=&#8221;&#8221; animation_delay=&#8221;300&#8243; digit_highlight_text=&#8221;text_underline:underline-dark|&#8221; digit_font_container=&#8221;tag:p|text_underline:none|text_bg:bg-tra|&#8221;][vc_separator css=&#8221;&#8221;][\/vc_column][\/vc_row][vc_row][vc_column width=&#8221;1\/2&#8243;][vc_column_text css=&#8221;&#8221;]<\/p>\n<p align=\"justify\">W 2019 roku uko\u0144czy\u0142am studia jednolite magisterskie na Uniwersytecie \u0141\u00f3dzkim, zdobywaj\u0105c tytu\u0142 magistra prawa. Aktualnie, odbywam aplikacj\u0119 radcowska w Okr\u0119gowej Izbie Radc\u00f3w Prawnych w \u0141odzi, wpisana pod numerem: APL-\u0141D-210004.<\/p>\n<p align=\"justify\">Do\u015bwiadczenie zawodowe zdobywa\u0142am wsp\u00f3\u0142pracuj\u0105c z wieloma podmiotami, prowadz\u0105c sprawy z zakresu prawa cywilnego, rodzinnego, karnego, administracyjnego i ubezpiecze\u0144 spo\u0142ecznych.<\/p>\n<p align=\"justify\">Oferuj\u0119 us\u0142ugi w zakresie pomocy prawnej zar\u00f3wno podmiotom prywatnym, jak i przedsi\u0119biorcom. Oferuj\u0119 zar\u00f3wno doradztwo prawne na etapie przeds\u0105dowym, jak i pomoc przy ju\u017c tocz\u0105cych si\u0119 post\u0119powaniach.<\/p>\n<p align=\"justify\">Jestem osob\u0105 komunikatywn\u0105, dost\u0119pn\u0105 i pozostaj\u0105c\u0105 w sta\u0142ym kontakcie z klientami, kt\u00f3rych los nie jest mi oboj\u0119tny. Oferuj\u0119 \u015bwiadczenie us\u0142ug na terenie ca\u0142ego kraju.<\/p>\n<p>[\/vc_column_text][\/vc_column][vc_column width=&#8221;1\/2&#8243;][vc_single_image custom_src=&#8221;https:\/\/kancelaria-checinska.pl\/wp-content\/uploads\/2024\/08\/CHECINSKA-KAMILA-1-min-scaled.jpg&#8221; alignment=&#8221;right&#8221; css=&#8221;&#8221;][\/vc_column][\/vc_row][\/vc_section][vc_section bg_class=&#8221;bg-dark&#8221; el_id=&#8221;contacts&#8221;][vc_row][vc_column width=&#8221;1\/12&#8243;][\/vc_column][vc_column width=&#8221;10\/12&#8243;][vc_row_inner][vc_column_inner width=&#8221;4\/12&#8243;][genemy_contact_info title=&#8221;Adres&#8221; subtitle=&#8221;Teodory 63a, 98-100 \u0141ask&#8221; animation_delay=&#8221;300&#8243;][genemy_contact_info title=&#8221;Kontakt&#8221; subtitle=&#8221;Tel. 790 748 717<br \/>\nE-mail: checinska.kamila@gmail.com&#8221; animation_delay=&#8221;300&#8243;][genemy_contact_info title=&#8221;Godziny pracy&#8221; subtitle=&#8221;Pn &#8211; Pt 9:00-17:00&#8243; animation_delay=&#8221;300&#8243;][\/vc_column_inner][vc_column_inner width=&#8221;8\/12&#8243;]\n<div class=\"wpcf7 no-js\" id=\"wpcf7-f574-o1\" lang=\"en-US\" dir=\"ltr\" data-wpcf7-id=\"574\">\n<div class=\"screen-reader-response\"><p role=\"status\" aria-live=\"polite\" aria-atomic=\"true\"><\/p> <ul><\/ul><\/div>\n<form action=\"\/index.php?rest_route=%2Fwp%2Fv2%2Fpages%2F198#wpcf7-f574-o1\" method=\"post\" class=\"wpcf7-form init\" aria-label=\"Contact form\" novalidate=\"novalidate\" data-status=\"init\">\n<fieldset class=\"hidden-fields-container\"><input type=\"hidden\" name=\"_wpcf7\" value=\"574\" \/><input type=\"hidden\" name=\"_wpcf7_version\" value=\"6.1\" \/><input type=\"hidden\" name=\"_wpcf7_locale\" value=\"en_US\" \/><input type=\"hidden\" name=\"_wpcf7_unit_tag\" value=\"wpcf7-f574-o1\" \/><input type=\"hidden\" name=\"_wpcf7_container_post\" value=\"0\" \/><input type=\"hidden\" name=\"_wpcf7_posted_data_hash\" value=\"\" \/>\n<\/fieldset>\n<div class=\"form-holder ind-20\">\n\t<div  class=\"row contact-form contact-form-2\">\n\t\t<div id=\"input-name\" class=\"col-lg-6\">\n\t\t\t<p><span class=\"wpcf7-form-control-wrap\" data-name=\"your-name\"><input size=\"40\" maxlength=\"400\" class=\"wpcf7-form-control wpcf7-text wpcf7-validates-as-required form-control name\" aria-required=\"true\" aria-invalid=\"false\" placeholder=\"Imi\u0119 i nazwisko\" value=\"\" type=\"text\" name=\"your-name\" \/><\/span>\n\t\t\t<\/p>\n\t\t<\/div>\n\t\t<div id=\"input-email\" class=\"col-lg-6\">\n\t\t\t<p><span class=\"wpcf7-form-control-wrap\" data-name=\"your-email\"><input size=\"40\" maxlength=\"400\" class=\"wpcf7-form-control wpcf7-email wpcf7-validates-as-required wpcf7-text wpcf7-validates-as-email form-control email\" aria-required=\"true\" aria-invalid=\"false\" placeholder=\"Adres email\" value=\"\" type=\"email\" name=\"your-email\" \/><\/span>\n\t\t\t<\/p>\n\t\t<\/div>\n\t\t<div id=\"input-subject\" class=\"col-lg-12\">\n\t\t\t<p><span class=\"wpcf7-form-control-wrap\" data-name=\"your-subject\"><input size=\"40\" maxlength=\"400\" class=\"wpcf7-form-control wpcf7-text form-control subject\" aria-invalid=\"false\" placeholder=\"Temat wiadomo\u015bci\" value=\"\" type=\"text\" name=\"your-subject\" \/><\/span>\n\t\t\t<\/p>\n\t\t<\/div>\n\t\t<div id=\"input-message\" class=\"col-lg-12 input-message\">\n\t\t\t<p><span class=\"wpcf7-form-control-wrap\" data-name=\"message\"><textarea cols=\"40\" rows=\"10\" maxlength=\"2000\" class=\"wpcf7-form-control wpcf7-textarea wpcf7-validates-as-required form-control message\" aria-required=\"true\" aria-invalid=\"false\" placeholder=\"Twoja wiadomo\u015b\u0107\" name=\"message\"><\/textarea><\/span>\n\t\t\t<\/p>\n\t\t<\/div>\n\t\t<div class=\"col-lg-12 m-top-10 form-btn\">\n\t\t\t<p><button type=\"submit\" class=\"btn btn-md submit btn-arrow wpcf7-form-control wpcf7-submit\"><span>Wy\u015blij <i class=\"fas fa-angle-double-right\"><\/i><\/span><\/button>\n\t\t\t<\/p>\n\t\t<\/div>\n\t\t<div class=\"col-lg-12 contact-form-msg\">\n\t\t<div class=\"wpcf7-response-output\" aria-hidden=\"true\"><\/div>\n\t\t<\/div>\n\t<\/div>\n<\/div>\n<\/form>\n<\/div>\n[\/vc_column_inner][\/vc_row_inner][\/vc_column][vc_column width=&#8221;1\/12&#8243;][\/vc_column][\/vc_row][\/vc_section][vc_row][vc_column][\/vc_column][\/vc_row]<\/p>\n<\/div>","protected":false},"excerpt":{"rendered":"<p>[vc_section][vc_row][vc_column][genemy_text_box digit=&#8221;Prawnik&#8221; title=&#8221;Kamila Ch\u0119ci\u0144ska&#8221; subtitle=&#8221;&#8221; animation_delay=&#8221;300&#8243; digit_highlight_text=&#8221;text_underline:underline-dark|&#8221; digit_font_container=&#8221;tag:p|text_underline:none|text_bg:bg-tra|&#8221;][vc_separator css=&#8221;&#8221;][\/vc_column][\/vc_row][vc_row][vc_column width=&#8221;1\/2&#8243;][vc_column_text css=&#8221;&#8221;] W 2019 roku uko\u0144czy\u0142am studia jednolite magisterskie na Uniwersytecie \u0141\u00f3dzkim, zdobywaj\u0105c tytu\u0142 magistra prawa. Aktualnie, odbywam aplikacj\u0119 radcowska w Okr\u0119gowej Izbie Radc\u00f3w Prawnych w \u0141odzi, wpisana pod numerem: APL-\u0141D-210004&#8230;.<\/p>\n","protected":false},"author":1,"featured_media":0,"parent":161,"menu_order":0,"comment_status":"closed","ping_status":"closed","template":"templates\/onepage-template.php","meta":{"footnotes":""},"class_list":["post-198","page","type-page","status-publish","hentry","no-post-thumbnail"],"post_mailing_queue_ids":[],"_links":{"self":[{"href":"https:\/\/kancelaria-checinska.pl\/index.php?rest_route=\/wp\/v2\/pages\/198","targetHints":{"allow":["GET"]}}],"collection":[{"href":"https:\/\/kancelaria-checinska.pl\/index.php?rest_route=\/wp\/v2\/pages"}],"about":[{"href":"https:\/\/kancelaria-checinska.pl\/index.php?rest_route=\/wp\/v2\/types\/page"}],"author":[{"embeddable":true,"href":"https:\/\/kancelaria-checinska.pl\/index.php?rest_route=\/wp\/v2\/users\/1"}],"replies":[{"embeddable":true,"href":"https:\/\/kancelaria-checinska.pl\/index.php?rest_route=%2Fwp%2Fv2%2Fcomments&post=198"}],"version-history":[{"count":28,"href":"https:\/\/kancelaria-checinska.pl\/index.php?rest_route=\/wp\/v2\/pages\/198\/revisions"}],"predecessor-version":[{"id":1182,"href":"https:\/\/kancelaria-checinska.pl\/index.php?rest_route=\/wp\/v2\/pages\/198\/revisions\/1182"}],"up":[{"embeddable":true,"href":"https:\/\/kancelaria-checinska.pl\/index.php?rest_route=\/wp\/v2\/pages\/161"}],"wp:attachment":[{"href":"https:\/\/kancelaria-checinska.pl\/index.php?rest_route=%2Fwp%2Fv2%2Fmedia&parent=198"}],"curies":[{"name":"wp","href":"https:\/\/api.w.org\/{rel}","templated":true}]}}